{"id":654,"date":"2025-03-14T19:52:59","date_gmt":"2025-03-14T19:52:59","guid":{"rendered":"https:\/\/www.estehealthy.com\/?page_id=654"},"modified":"2025-05-23T07:18:23","modified_gmt":"2025-05-23T07:18:23","slug":"le-nostre-istituzioni-affiliate","status":"publish","type":"page","link":"https:\/\/www.estehealthy.com\/it\/le-nostre-istituzioni-affiliate\/","title":{"rendered":"Le nostre istituzioni affiliate"},"content":{"rendered":"<div data-elementor-type=\"wp-page\" data-elementor-id=\"654\" class=\"elementor elementor-654\" data-elementor-settings=\"{&quot;element_pack_global_tooltip_width&quot;:{&quot;unit&quot;:&quot;px&quot;,&quot;size&quot;:&quot;&quot;,&quot;sizes&quot;:[]},&quot;element_pack_global_tooltip_width_tablet&quot;:{&quot;unit&quot;:&quot;px&quot;,&quot;size&quot;:&quot;&quot;,&quot;sizes&quot;:[]},&quot;element_pack_global_tooltip_width_mobile&quot;:{&quot;unit&quot;:&quot;px&quot;,&quot;size&quot;:&quot;&quot;,&quot;sizes&quot;:[]},&quot;element_pack_global_tooltip_padding&quot;:{&quot;unit&quot;:&quot;px&quot;,&quot;top&quot;:&quot;&quot;,&quot;right&quot;:&quot;&quot;,&quot;bottom&quot;:&quot;&quot;,&quot;left&quot;:&quot;&quot;,&quot;isLinked&quot;:true},&quot;element_pack_global_tooltip_padding_tablet&quot;:{&quot;unit&quot;:&quot;px&quot;,&quot;top&quot;:&quot;&quot;,&quot;right&quot;:&quot;&quot;,&quot;bottom&quot;:&quot;&quot;,&quot;left&quot;:&quot;&quot;,&quot;isLinked&quot;:true},&quot;element_pack_global_tooltip_padding_mobile&quot;:{&quot;unit&quot;:&quot;px&quot;,&quot;top&quot;:&quot;&quot;,&quot;right&quot;:&quot;&quot;,&quot;bottom&quot;:&quot;&quot;,&quot;left&quot;:&quot;&quot;,&quot;isLinked&quot;:true},&quot;element_pack_global_tooltip_border_radius&quot;:{&quot;unit&quot;:&quot;px&quot;,&quot;top&quot;:&quot;&quot;,&quot;right&quot;:&quot;&quot;,&quot;bottom&quot;:&quot;&quot;,&quot;left&quot;:&quot;&quot;,&quot;isLinked&quot;:true},&quot;element_pack_global_tooltip_border_radius_tablet&quot;:{&quot;unit&quot;:&quot;px&quot;,&quot;top&quot;:&quot;&quot;,&quot;right&quot;:&quot;&quot;,&quot;bottom&quot;:&quot;&quot;,&quot;left&quot;:&quot;&quot;,&quot;isLinked&quot;:true},&quot;element_pack_global_tooltip_border_radius_mobile&quot;:{&quot;unit&quot;:&quot;px&quot;,&quot;top&quot;:&quot;&quot;,&quot;right&quot;:&quot;&quot;,&quot;bottom&quot;:&quot;&quot;,&quot;left&quot;:&quot;&quot;,&quot;isLinked&quot;:true}}\" data-elementor-post-type=\"page\">\n\t\t\t\t<div class=\"elementor-element elementor-element-2d3a421 e-flex e-con-boxed e-con e-parent\" data-id=\"2d3a421\" data-element_type=\"container\" data-settings=\"{&quot;background_background&quot;:&quot;gradient&quot;}\">\n\t\t\t\t\t<div class=\"e-con-inner\">\n\t\t\t\t<div class=\"elementor-element elementor-element-3d5ae74 elementor-widget elementor-widget-heading\" data-id=\"3d5ae74\" data-element_type=\"widget\" data-widget_type=\"heading.default\">\n\t\t\t\t<div class=\"elementor-widget-container\">\n\t\t\t\t\t<h1 class=\"elementor-heading-title elementor-size-default\">Le nostre istituzioni affiliate<\/h1>\t\t\t\t<\/div>\n\t\t\t\t<\/div>\n\t\t\t\t<div class=\"elementor-element elementor-element-da4a239 elementor-icon-list--layout-inline elementor-list-item-link-full_width elementor-invisible elementor-widget elementor-widget-icon-list\" data-id=\"da4a239\" data-element_type=\"widget\" data-settings=\"{&quot;_animation&quot;:&quot;fadeInUp&quot;,&quot;_animation_delay&quot;:200}\" data-widget_type=\"icon-list.default\">\n\t\t\t\t<div class=\"elementor-widget-container\">\n\t\t\t\t\t\t\t<ul class=\"elementor-icon-list-items elementor-inline-items\">\n\t\t\t\t\t\t\t<li class=\"elementor-icon-list-item elementor-inline-item\">\n\t\t\t\t\t\t\t\t\t\t\t<a href=\"https:\/\/www.estehealthy.com\/it\">\n\n\t\t\t\t\t\t\t\t\t\t\t<span class=\"elementor-icon-list-text\">Casa<\/span>\n\t\t\t\t\t\t\t\t\t\t\t<\/a>\n\t\t\t\t\t\t\t\t\t<\/li>\n\t\t\t\t\t\t\t\t<li class=\"elementor-icon-list-item elementor-inline-item\">\n\t\t\t\t\t\t\t\t\t\t\t<a href=\"https:\/\/www.estehealthy.com\/it\/le-nostre-istituzioni-affiliate\/\">\n\n\t\t\t\t\t\t\t\t\t\t\t\t<span class=\"elementor-icon-list-icon\">\n\t\t\t\t\t\t\t<i aria-hidden=\"true\" class=\"icon icon-right-arrow\"><\/i>\t\t\t\t\t\t<\/span>\n\t\t\t\t\t\t\t\t\t\t<span class=\"elementor-icon-list-text\">Le nostre istituzioni affiliate<\/span>\n\t\t\t\t\t\t\t\t\t\t\t<\/a>\n\t\t\t\t\t\t\t\t\t<\/li>\n\t\t\t\t\t\t<\/ul>\n\t\t\t\t\t\t<\/div>\n\t\t\t\t<\/div>\n\t\t\t\t\t<\/div>\n\t\t\t\t<\/div>\n\t\t<div class=\"elementor-element elementor-element-842b157 e-flex e-con-boxed e-con e-parent\" data-id=\"842b157\" data-element_type=\"container\">\n\t\t\t\t\t<div class=\"e-con-inner\">\n\t\t\t\t<div class=\"elementor-element elementor-element-d9c2fdd elementor-widget__width-auto elementor-invisible elementor-widget elementor-widget-text-editor\" data-id=\"d9c2fdd\" data-element_type=\"widget\" data-settings=\"{&quot;_animation&quot;:&quot;fadeInUp&quot;}\" data-widget_type=\"text-editor.default\">\n\t\t\t\t<div class=\"elementor-widget-container\">\n\t\t\t\t\t\t\t\t\t<p class=\"entry-title\"><span>Istituzioni affiliate<\/span><\/p>\t\t\t\t\t\t\t\t<\/div>\n\t\t\t\t<\/div>\n\t\t\t\t<div class=\"elementor-element elementor-element-e77bc77 elementor-widget__width-initial elementor-invisible elementor-widget elementor-widget-heading\" data-id=\"e77bc77\" data-element_type=\"widget\" data-settings=\"{&quot;_animation&quot;:&quot;fadeInUp&quot;,&quot;_animation_delay&quot;:200}\" data-widget_type=\"heading.default\">\n\t\t\t\t<div class=\"elementor-widget-container\">\n\t\t\t\t\t<h2 class=\"elementor-heading-title elementor-size-default\">Le nostre istituzioni affiliate<\/h2>\t\t\t\t<\/div>\n\t\t\t\t<\/div>\n\t\t<div class=\"elementor-element elementor-element-fc09fb8 e-grid e-con-full e-con e-child\" data-id=\"fc09fb8\" data-element_type=\"container\">\n\t\t\t\t<div class=\"elementor-element elementor-element-78d9ccc e-transform elementor-position-top elementor-invisible elementor-widget elementor-widget-image-box\" data-id=\"78d9ccc\" data-element_type=\"widget\" data-settings=\"{&quot;_animation&quot;:&quot;fadeInUp&quot;,&quot;_animation_delay&quot;:400,&quot;_transform_translateY_effect_hover&quot;:{&quot;unit&quot;:&quot;px&quot;,&quot;size&quot;:-5,&quot;sizes&quot;:[]},&quot;_transform_translateX_effect_hover&quot;:{&quot;unit&quot;:&quot;px&quot;,&quot;size&quot;:&quot;&quot;,&quot;sizes&quot;:[]},&quot;_transform_translateX_effect_hover_tablet&quot;:{&quot;unit&quot;:&quot;px&quot;,&quot;size&quot;:&quot;&quot;,&quot;sizes&quot;:[]},&quot;_transform_translateX_effect_hover_mobile&quot;:{&quot;unit&quot;:&quot;px&quot;,&quot;size&quot;:&quot;&quot;,&quot;sizes&quot;:[]},&quot;_transform_translateY_effect_hover_tablet&quot;:{&quot;unit&quot;:&quot;px&quot;,&quot;size&quot;:&quot;&quot;,&quot;sizes&quot;:[]},&quot;_transform_translateY_effect_hover_mobile&quot;:{&quot;unit&quot;:&quot;px&quot;,&quot;size&quot;:&quot;&quot;,&quot;sizes&quot;:[]}}\" data-widget_type=\"image-box.default\">\n\t\t\t\t<div class=\"elementor-widget-container\">\n\t\t\t\t\t<div class=\"elementor-image-box-wrapper\"><figure class=\"elementor-image-box-img\"><img loading=\"lazy\" decoding=\"async\" width=\"1000\" height=\"700\" src=\"https:\/\/www.estehealthy.com\/wp-content\/uploads\/2025\/03\/Frame-83.png\" class=\"attachment-full size-full wp-image-667\" alt=\"\" srcset=\"https:\/\/www.estehealthy.com\/wp-content\/uploads\/2025\/03\/Frame-83.png 1000w, https:\/\/www.estehealthy.com\/wp-content\/uploads\/2025\/03\/Frame-83-300x210.png 300w, https:\/\/www.estehealthy.com\/wp-content\/uploads\/2025\/03\/Frame-83-768x538.png 768w\" sizes=\"auto, (max-width: 1000px) 100vw, 1000px\" \/><\/figure><div class=\"elementor-image-box-content\"><h3 class=\"elementor-image-box-title\">OSPEDALE EMSEY<\/h3><p class=\"elementor-image-box-description\">Situato vicino all'aeroporto Sabiha G\u00f6k\u00e7en di Istanbul, questo ospedale internazionale si estende su 38.000 m\u00b2 con una capacit\u00e0 di 254 letti e 9 sale operatorie. Offre unit\u00e0 avanzate di radiologia, diagnostica e trattamento oncologico, trapianto di midollo osseo, chirurgia della colonna vertebrale e delle articolazioni e un'ampia gamma di servizi medici specializzati.<\/p><\/div><\/div>\t\t\t\t<\/div>\n\t\t\t\t<\/div>\n\t\t\t\t<div class=\"elementor-element elementor-element-ade4a25 e-transform elementor-position-top elementor-invisible elementor-widget elementor-widget-image-box\" data-id=\"ade4a25\" data-element_type=\"widget\" data-settings=\"{&quot;_animation&quot;:&quot;fadeInUp&quot;,&quot;_animation_delay&quot;:400,&quot;_transform_translateY_effect_hover&quot;:{&quot;unit&quot;:&quot;px&quot;,&quot;size&quot;:-5,&quot;sizes&quot;:[]},&quot;_transform_translateX_effect_hover&quot;:{&quot;unit&quot;:&quot;px&quot;,&quot;size&quot;:&quot;&quot;,&quot;sizes&quot;:[]},&quot;_transform_translateX_effect_hover_tablet&quot;:{&quot;unit&quot;:&quot;px&quot;,&quot;size&quot;:&quot;&quot;,&quot;sizes&quot;:[]},&quot;_transform_translateX_effect_hover_mobile&quot;:{&quot;unit&quot;:&quot;px&quot;,&quot;size&quot;:&quot;&quot;,&quot;sizes&quot;:[]},&quot;_transform_translateY_effect_hover_tablet&quot;:{&quot;unit&quot;:&quot;px&quot;,&quot;size&quot;:&quot;&quot;,&quot;sizes&quot;:[]},&quot;_transform_translateY_effect_hover_mobile&quot;:{&quot;unit&quot;:&quot;px&quot;,&quot;size&quot;:&quot;&quot;,&quot;sizes&quot;:[]}}\" data-widget_type=\"image-box.default\">\n\t\t\t\t<div class=\"elementor-widget-container\">\n\t\t\t\t\t<div class=\"elementor-image-box-wrapper\"><figure class=\"elementor-image-box-img\"><img loading=\"lazy\" decoding=\"async\" width=\"1000\" height=\"700\" src=\"https:\/\/www.estehealthy.com\/wp-content\/uploads\/2025\/05\/Frame-a1127.png\" class=\"attachment-full size-full wp-image-3026\" alt=\"\" srcset=\"https:\/\/www.estehealthy.com\/wp-content\/uploads\/2025\/05\/Frame-a1127.png 1000w, https:\/\/www.estehealthy.com\/wp-content\/uploads\/2025\/05\/Frame-a1127-300x210.png 300w, https:\/\/www.estehealthy.com\/wp-content\/uploads\/2025\/05\/Frame-a1127-768x538.png 768w, https:\/\/www.estehealthy.com\/wp-content\/uploads\/2025\/05\/Frame-a1127-18x12.png 18w, https:\/\/www.estehealthy.com\/wp-content\/uploads\/2025\/05\/Frame-a1127-150x105.png 150w\" sizes=\"auto, (max-width: 1000px) 100vw, 1000px\" \/><\/figure><div class=\"elementor-image-box-content\"><h3 class=\"elementor-image-box-title\">Kartal T\u0131p Merkezi<\/h3><p class=\"elementor-image-box-description\">Situato in una piazza medica indipendente di 5.200 m\u00b2 in \u00dcsk\u00fcdar Avenue, nel quartiere Kartal di Istanbul, il nostro centro \u00e8 facilmente raggiungibile con minibus, autobus e la linea Marmaray, a soli 150 metri dalla stazione Atalar. Progettata per soddisfare gli standard ospedalieri nonostante sia autorizzata come centro medico chirurgico, la nostra struttura offre una gamma completa di servizi sanitari di qualit\u00e0.\n\nCon una sala conferenze da 100 posti e una caffetteria di 220 m\u00b2 con vista sul mare, assicuriamo comfort e comodit\u00e0 non solo ai nostri pazienti, ma anche alle loro famiglie e al personale. Il parcheggio in loco e l'accesso agevole al traffico migliorano ulteriormente l'esperienza degli utenti privati.<\/p><\/div><\/div>\t\t\t\t<\/div>\n\t\t\t\t<\/div>\n\t\t\t\t<div class=\"elementor-element elementor-element-9379728 e-transform elementor-position-top elementor-invisible elementor-widget elementor-widget-image-box\" data-id=\"9379728\" data-element_type=\"widget\" data-settings=\"{&quot;_animation&quot;:&quot;fadeInUp&quot;,&quot;_animation_delay&quot;:400,&quot;_transform_translateY_effect_hover&quot;:{&quot;unit&quot;:&quot;px&quot;,&quot;size&quot;:-5,&quot;sizes&quot;:[]},&quot;_transform_translateX_effect_hover&quot;:{&quot;unit&quot;:&quot;px&quot;,&quot;size&quot;:&quot;&quot;,&quot;sizes&quot;:[]},&quot;_transform_translateX_effect_hover_tablet&quot;:{&quot;unit&quot;:&quot;px&quot;,&quot;size&quot;:&quot;&quot;,&quot;sizes&quot;:[]},&quot;_transform_translateX_effect_hover_mobile&quot;:{&quot;unit&quot;:&quot;px&quot;,&quot;size&quot;:&quot;&quot;,&quot;sizes&quot;:[]},&quot;_transform_translateY_effect_hover_tablet&quot;:{&quot;unit&quot;:&quot;px&quot;,&quot;size&quot;:&quot;&quot;,&quot;sizes&quot;:[]},&quot;_transform_translateY_effect_hover_mobile&quot;:{&quot;unit&quot;:&quot;px&quot;,&quot;size&quot;:&quot;&quot;,&quot;sizes&quot;:[]}}\" data-widget_type=\"image-box.default\">\n\t\t\t\t<div class=\"elementor-widget-container\">\n\t\t\t\t\t<div class=\"elementor-image-box-wrapper\"><figure class=\"elementor-image-box-img\"><img loading=\"lazy\" decoding=\"async\" width=\"1000\" height=\"700\" src=\"https:\/\/www.estehealthy.com\/wp-content\/uploads\/2025\/05\/Frame-b1127.png\" class=\"attachment-full size-full wp-image-3030\" alt=\"\" srcset=\"https:\/\/www.estehealthy.com\/wp-content\/uploads\/2025\/05\/Frame-b1127.png 1000w, https:\/\/www.estehealthy.com\/wp-content\/uploads\/2025\/05\/Frame-b1127-300x210.png 300w, https:\/\/www.estehealthy.com\/wp-content\/uploads\/2025\/05\/Frame-b1127-768x538.png 768w, https:\/\/www.estehealthy.com\/wp-content\/uploads\/2025\/05\/Frame-b1127-18x12.png 18w, https:\/\/www.estehealthy.com\/wp-content\/uploads\/2025\/05\/Frame-b1127-150x105.png 150w\" sizes=\"auto, (max-width: 1000px) 100vw, 1000px\" \/><\/figure><div class=\"elementor-image-box-content\"><h3 class=\"elementor-image-box-title\">Clinica Prime<\/h3><p class=\"elementor-image-box-description\">La Clinica Prime Istanbul \u00e8 situata nella parte asiatica della citt\u00e0, a Kartal, direttamente sul mare. Questa clinica dentale all'avanguardia offre trattamenti dentali estetici e restaurativi di alto livello in un ambiente sereno e moderno.\n\nRinomata per il suo team di esperti e per l'approccio meticoloso, la clinica fornisce impianti e corone certificati e garantiti. Ogni procedura viene eseguita con l'impegno di soddisfare il paziente.<\/p><\/div><\/div>\t\t\t\t<\/div>\n\t\t\t\t<\/div>\n\t\t\t\t<div class=\"elementor-element elementor-element-60856df e-transform elementor-position-top elementor-invisible elementor-widget elementor-widget-image-box\" data-id=\"60856df\" data-element_type=\"widget\" data-settings=\"{&quot;_animation&quot;:&quot;fadeInUp&quot;,&quot;_animation_delay&quot;:400,&quot;_transform_translateY_effect_hover&quot;:{&quot;unit&quot;:&quot;px&quot;,&quot;size&quot;:-5,&quot;sizes&quot;:[]},&quot;_transform_translateX_effect_hover&quot;:{&quot;unit&quot;:&quot;px&quot;,&quot;size&quot;:&quot;&quot;,&quot;sizes&quot;:[]},&quot;_transform_translateX_effect_hover_tablet&quot;:{&quot;unit&quot;:&quot;px&quot;,&quot;size&quot;:&quot;&quot;,&quot;sizes&quot;:[]},&quot;_transform_translateX_effect_hover_mobile&quot;:{&quot;unit&quot;:&quot;px&quot;,&quot;size&quot;:&quot;&quot;,&quot;sizes&quot;:[]},&quot;_transform_translateY_effect_hover_tablet&quot;:{&quot;unit&quot;:&quot;px&quot;,&quot;size&quot;:&quot;&quot;,&quot;sizes&quot;:[]},&quot;_transform_translateY_effect_hover_mobile&quot;:{&quot;unit&quot;:&quot;px&quot;,&quot;size&quot;:&quot;&quot;,&quot;sizes&quot;:[]}}\" data-widget_type=\"image-box.default\">\n\t\t\t\t<div class=\"elementor-widget-container\">\n\t\t\t\t\t<div class=\"elementor-image-box-wrapper\"><figure class=\"elementor-image-box-img\"><img loading=\"lazy\" decoding=\"async\" width=\"1000\" height=\"700\" src=\"https:\/\/www.estehealthy.com\/wp-content\/uploads\/2025\/05\/Frame-c1127.png\" class=\"attachment-full size-full wp-image-3032\" alt=\"\" srcset=\"https:\/\/www.estehealthy.com\/wp-content\/uploads\/2025\/05\/Frame-c1127.png 1000w, https:\/\/www.estehealthy.com\/wp-content\/uploads\/2025\/05\/Frame-c1127-300x210.png 300w, https:\/\/www.estehealthy.com\/wp-content\/uploads\/2025\/05\/Frame-c1127-768x538.png 768w, https:\/\/www.estehealthy.com\/wp-content\/uploads\/2025\/05\/Frame-c1127-18x12.png 18w, https:\/\/www.estehealthy.com\/wp-content\/uploads\/2025\/05\/Frame-c1127-150x105.png 150w\" sizes=\"auto, (max-width: 1000px) 100vw, 1000px\" \/><\/figure><div class=\"elementor-image-box-content\"><h3 class=\"elementor-image-box-title\">Dent Oktay<\/h3><p class=\"elementor-image-box-description\">Fondata nell'agosto 2024 nel quartiere Maltepe di Istanbul, la clinica privata DentOktay Oral and Dental Health \u00e8 un moderno centro odontoiatrico diretto dallo specialista in odontoiatria pediatrica Dr. Mustafa Oktay. La clinica opera in linea con gli standard di qualit\u00e0 internazionali e si avvale di un team di esperti sempre aggiornati sugli ultimi progressi in campo medico.\n\nDentOktay offre una gamma completa di servizi odontoiatrici e di salute orale, tra cui odontoiatria generale e cosmetica, odontoiatria pediatrica, ortodonzia, endodonzia, chirurgia orale e maxillo-facciale, implantologia, protesi, parodontologia e trattamenti in sedazione o anestesia generale.\n\nImpegnata a rispettare i principi etici e i diritti dei pazienti, la clinica d\u00e0 priorit\u00e0 a cure di alta qualit\u00e0 per ogni paziente. \u00c8 situata a soli 50 metri dalla stazione della metropolitana di G\u00fclsuyu, in Cevizli Mah. Fil Yoku\u015fu Sok. A Blok No: 34-36 AB, Maltepe, Istanbul.<\/p><\/div><\/div>\t\t\t\t<\/div>\n\t\t\t\t<\/div>\n\t\t\t\t<\/div>\n\t\t\t\t\t<\/div>\n\t\t\t\t<\/div>\n\t\t\t\t<\/div>","protected":false},"excerpt":{"rendered":"<p>Our Affiliated Institutions Home Our Affiliated Institutions Affiliated Institutions Our Affiliated Institutions EMSEY HOSPITAL Located next to Istanbul Sabiha G\u00f6k\u00e7en Airport, this international hospital spans 38,000 m\u00b2 with a capacity of 254 beds and 9 operating rooms. It offers advanced radiology, oncology diagnostics and treatment units, bone marrow transplantation, spine and joint surgery, and a [&hellip;]<\/p>","protected":false},"author":1,"featured_media":0,"parent":0,"menu_order":0,"comment_status":"closed","ping_status":"closed","template":"","meta":{"inline_featured_image":false,"footnotes":""},"class_list":["post-654","page","type-page","status-publish","hentry"],"_links":{"self":[{"href":"https:\/\/www.estehealthy.com\/it\/wp-json\/wp\/v2\/pages\/654","targetHints":{"allow":["GET"]}}],"collection":[{"href":"https:\/\/www.estehealthy.com\/it\/wp-json\/wp\/v2\/pages"}],"about":[{"href":"https:\/\/www.estehealthy.com\/it\/wp-json\/wp\/v2\/types\/page"}],"author":[{"embeddable":true,"href":"https:\/\/www.estehealthy.com\/it\/wp-json\/wp\/v2\/users\/1"}],"replies":[{"embeddable":true,"href":"https:\/\/www.estehealthy.com\/it\/wp-json\/wp\/v2\/comments?post=654"}],"version-history":[{"count":34,"href":"https:\/\/www.estehealthy.com\/it\/wp-json\/wp\/v2\/pages\/654\/revisions"}],"predecessor-version":[{"id":3038,"href":"https:\/\/www.estehealthy.com\/it\/wp-json\/wp\/v2\/pages\/654\/revisions\/3038"}],"wp:attachment":[{"href":"https:\/\/www.estehealthy.com\/it\/wp-json\/wp\/v2\/media?parent=654"}],"curies":[{"name":"wp","href":"https:\/\/api.w.org\/{rel}","templated":true}]}}